{"id":220,"date":"2022-12-17T15:21:02","date_gmt":"2022-12-17T14:21:02","guid":{"rendered":"http:\/\/massoeren.com\/?page_id=220"},"modified":"2022-12-17T15:27:49","modified_gmt":"2022-12-17T14:27:49","slug":"elementor-220","status":"publish","type":"page","link":"http:\/\/massoeren.com\/?page_id=220","title":{"rendered":"Massage kursus for par"},"content":{"rendered":"\t\t<div data-elementor-type=\"wp-page\" data-elementor-id=\"220\" class=\"elementor elementor-220\" data-elementor-post-type=\"page\">\n\t\t\t\t\t\t<section class=\"elementor-section elementor-top-section elementor-element elementor-element-7b6345b elementor-section-boxed elementor-section-height-default elementor-section-height-default\" data-id=\"7b6345b\" data-element_type=\"section\">\n\t\t\t\t\t\t<div class=\"elementor-container elementor-column-gap-default\">\n\t\t\t\t\t<div class=\"elementor-column elementor-col-100 elementor-top-column elementor-element elementor-element-1106a89\" data-id=\"1106a89\" data-element_type=\"column\">\n\t\t\t<div class=\"elementor-widget-wrap elementor-element-populated\">\n\t\t\t\t\t\t<div class=\"elementor-element elementor-element-f661bb6 elementor-widget elementor-widget-heading\" data-id=\"f661bb6\" data-element_type=\"widget\" data-widget_type=\"heading.default\">\n\t\t\t\t<div class=\"elementor-widget-container\">\n\t\t\t<h1 class=\"elementor-heading-title elementor-size-default\">Massage kursus for par<\/h1>\t\t<\/div>\n\t\t\t\t<\/div>\n\t\t\t\t\t<\/div>\n\t\t<\/div>\n\t\t\t\t\t<\/div>\n\t\t<\/section>\n\t\t\t\t<section class=\"elementor-section elementor-top-section elementor-element elementor-element-17ecab9 elementor-section-boxed elementor-section-height-default elementor-section-height-default\" data-id=\"17ecab9\" data-element_type=\"section\">\n\t\t\t\t\t\t<div class=\"elementor-container elementor-column-gap-default\">\n\t\t\t\t\t<div class=\"elementor-column elementor-col-100 elementor-top-column elementor-element elementor-element-fe10458\" data-id=\"fe10458\" data-element_type=\"column\">\n\t\t\t<div class=\"elementor-widget-wrap elementor-element-populated\">\n\t\t\t\t\t\t<div class=\"elementor-element elementor-element-162bd20 elementor-widget elementor-widget-text-editor\" data-id=\"162bd20\" data-element_type=\"widget\" data-widget_type=\"text-editor.default\">\n\t\t\t\t<div class=\"elementor-widget-container\">\n\t\t\t\t\t\t\t<p>Hvem har ikke spurgt sin partner eller veninde om lidt massagehj\u00e6lp fordi det bare g\u00f8r vildt ondt??<\/p><p>Og s\u00e5 f\u00e5r man max 2 minutter massage inden \u2019mass\u00f8ren\u2019 har ondt i tommelfingeren\u2026.<\/p><p>\u00a0<\/p><p>Der er hj\u00e6lp at hente her:<\/p><p>Jeg laver sm\u00e5 2 timers kurser for par, hvor I l\u00e6rer lidt om teknik og greb, og s\u00e5 lidt om musklernes l\u00f8bebaner.<\/p><p>P\u00e5 en simpel m\u00e5de s\u00e5 I kan hj\u00e6lpe hinanden med de sm\u00e5skavanker I har i hverdagen, uden at I overbelaster jer selv under udf\u00f8relsen, og derved kan give lidt mere end bare 2 minutter \ud83d\ude42<\/p><p>Har I specifikke udfordringer f\u00e5r I selvf\u00f8lgelig ekstra vedledning i disse omr\u00e5der.<\/p>\t\t\t\t\t\t<\/div>\n\t\t\t\t<\/div>\n\t\t\t\t\t<\/div>\n\t\t<\/div>\n\t\t\t\t\t<\/div>\n\t\t<\/section>\n\t\t\t\t<\/div>\n\t\t","protected":false},"excerpt":{"rendered":"<p>Massage kursus for par Hvem har ikke spurgt sin partner eller veninde om lidt massagehj\u00e6lp fordi det bare g\u00f8r vildt ondt?? Og s\u00e5 f\u00e5r man max 2 minutter massage inden \u2019mass\u00f8ren\u2019 har ondt i tommelfingeren\u2026. Der er hj\u00e6lp at hente her: Jeg laver sm\u00e5 2 timers kurser for par, hvor I l\u00e6rer lidt om teknik [&hellip;]<\/p>\n","protected":false},"author":3,"featured_media":0,"parent":0,"menu_order":0,"comment_status":"closed","ping_status":"closed","template":"","meta":{"inline_featured_image":false,"footnotes":""},"class_list":["post-220","page","type-page","status-publish","hentry"],"_links":{"self":[{"href":"http:\/\/massoeren.com\/index.php?rest_route=\/wp\/v2\/pages\/220","targetHints":{"allow":["GET"]}}],"collection":[{"href":"http:\/\/massoeren.com\/index.php?rest_route=\/wp\/v2\/pages"}],"about":[{"href":"http:\/\/massoeren.com\/index.php?rest_route=\/wp\/v2\/types\/page"}],"author":[{"embeddable":true,"href":"http:\/\/massoeren.com\/index.php?rest_route=\/wp\/v2\/users\/3"}],"replies":[{"embeddable":true,"href":"http:\/\/massoeren.com\/index.php?rest_route=%2Fwp%2Fv2%2Fcomments&post=220"}],"version-history":[{"count":5,"href":"http:\/\/massoeren.com\/index.php?rest_route=\/wp\/v2\/pages\/220\/revisions"}],"predecessor-version":[{"id":225,"href":"http:\/\/massoeren.com\/index.php?rest_route=\/wp\/v2\/pages\/220\/revisions\/225"}],"wp:attachment":[{"href":"http:\/\/massoeren.com\/index.php?rest_route=%2Fwp%2Fv2%2Fmedia&parent=220"}],"curies":[{"name":"wp","href":"https:\/\/api.w.org\/{rel}","templated":true}]}}