{"id":227,"date":"2022-12-17T15:29:14","date_gmt":"2022-12-17T14:29:14","guid":{"rendered":"http:\/\/massoeren.com\/?page_id=227"},"modified":"2022-12-17T15:30:25","modified_gmt":"2022-12-17T14:30:25","slug":"elementor-227","status":"publish","type":"page","link":"http:\/\/massoeren.com\/?page_id=227","title":{"rendered":"Cupping"},"content":{"rendered":"\t\t<div data-elementor-type=\"wp-page\" data-elementor-id=\"227\" class=\"elementor elementor-227\" data-elementor-post-type=\"page\">\n\t\t\t\t\t\t<section class=\"elementor-section elementor-top-section elementor-element elementor-element-257af19 elementor-section-boxed elementor-section-height-default elementor-section-height-default\" data-id=\"257af19\" data-element_type=\"section\">\n\t\t\t\t\t\t<div class=\"elementor-container elementor-column-gap-default\">\n\t\t\t\t\t<div class=\"elementor-column elementor-col-100 elementor-top-column elementor-element elementor-element-9cb871b\" data-id=\"9cb871b\" data-element_type=\"column\">\n\t\t\t<div class=\"elementor-widget-wrap elementor-element-populated\">\n\t\t\t\t\t\t<div class=\"elementor-element elementor-element-b0373be elementor-widget elementor-widget-heading\" data-id=\"b0373be\" data-element_type=\"widget\" data-widget_type=\"heading.default\">\n\t\t\t\t<div class=\"elementor-widget-container\">\n\t\t\t<h1 class=\"elementor-heading-title elementor-size-default\">Cupping<\/h1>\t\t<\/div>\n\t\t\t\t<\/div>\n\t\t\t\t\t<\/div>\n\t\t<\/div>\n\t\t\t\t\t<\/div>\n\t\t<\/section>\n\t\t\t\t<section class=\"elementor-section elementor-top-section elementor-element elementor-element-ba58d6d elementor-section-boxed elementor-section-height-default elementor-section-height-default\" data-id=\"ba58d6d\" data-element_type=\"section\">\n\t\t\t\t\t\t<div class=\"elementor-container elementor-column-gap-default\">\n\t\t\t\t\t<div class=\"elementor-column elementor-col-100 elementor-top-column elementor-element elementor-element-e99aa46\" data-id=\"e99aa46\" data-element_type=\"column\">\n\t\t\t<div class=\"elementor-widget-wrap elementor-element-populated\">\n\t\t\t\t\t\t<div class=\"elementor-element elementor-element-4107029 elementor-widget elementor-widget-text-editor\" data-id=\"4107029\" data-element_type=\"widget\" data-widget_type=\"text-editor.default\">\n\t\t\t\t<div class=\"elementor-widget-container\">\n\t\t\t\t\t\t\t<p>Cupping er en virkelig gammel behandlingsform, som blev brugt af de gamle egyptere og kinesere 1500 \u00e5r f\u00f8r vores tidsregning. Den gang brugte man horn fra dyrene og senere opvarmet glas.<\/p><p>Jeg bruger plastik cupper og silicone cupper, som jeg s\u00e6tter p\u00e5 de \u00f8nskede omr\u00e5der og derefter suger luften ud med en pumpe, og derved l\u00f8fter huden op og danner plads til fri bev\u00e6gelse i v\u00e6vet under huden s\u00e5 blodcirkulationen, v\u00e6skerne og cellerne kan flyde mere frit og skabe en bedre energi i kroppen.<\/p><p>Efter en behandling vil man have r\u00f8de pletter hvor cupperne har siddet, lidt som sugem\u00e6rker.<\/p><p>Men de forsvinder hurtigt igen.\u00a0<\/p><p>Cupping er godt for de overbelastede muskler. Nervesystem og hormonerne bliver stimuleret, ja hele kroppen kan p\u00e5virkes.<\/p><p>Og for dem som er bange for akupunkturn\u00e5lene eller ikke bryder sig om massagetryk, er cupping et glimrende alternativ.<\/p>\t\t\t\t\t\t<\/div>\n\t\t\t\t<\/div>\n\t\t\t\t\t<\/div>\n\t\t<\/div>\n\t\t\t\t\t<\/div>\n\t\t<\/section>\n\t\t\t\t<\/div>\n\t\t","protected":false},"excerpt":{"rendered":"<p>Cupping Cupping er en virkelig gammel behandlingsform, som blev brugt af de gamle egyptere og kinesere 1500 \u00e5r f\u00f8r vores tidsregning. Den gang brugte man horn fra dyrene og senere opvarmet glas. Jeg bruger plastik cupper og silicone cupper, som jeg s\u00e6tter p\u00e5 de \u00f8nskede omr\u00e5der og derefter suger luften ud med en pumpe, og [&hellip;]<\/p>\n","protected":false},"author":3,"featured_media":0,"parent":0,"menu_order":0,"comment_status":"closed","ping_status":"closed","template":"","meta":{"inline_featured_image":false,"footnotes":""},"class_list":["post-227","page","type-page","status-publish","hentry"],"_links":{"self":[{"href":"http:\/\/massoeren.com\/index.php?rest_route=\/wp\/v2\/pages\/227","targetHints":{"allow":["GET"]}}],"collection":[{"href":"http:\/\/massoeren.com\/index.php?rest_route=\/wp\/v2\/pages"}],"about":[{"href":"http:\/\/massoeren.com\/index.php?rest_route=\/wp\/v2\/types\/page"}],"author":[{"embeddable":true,"href":"http:\/\/massoeren.com\/index.php?rest_route=\/wp\/v2\/users\/3"}],"replies":[{"embeddable":true,"href":"http:\/\/massoeren.com\/index.php?rest_route=%2Fwp%2Fv2%2Fcomments&post=227"}],"version-history":[{"count":5,"href":"http:\/\/massoeren.com\/index.php?rest_route=\/wp\/v2\/pages\/227\/revisions"}],"predecessor-version":[{"id":232,"href":"http:\/\/massoeren.com\/index.php?rest_route=\/wp\/v2\/pages\/227\/revisions\/232"}],"wp:attachment":[{"href":"http:\/\/massoeren.com\/index.php?rest_route=%2Fwp%2Fv2%2Fmedia&parent=227"}],"curies":[{"name":"wp","href":"https:\/\/api.w.org\/{rel}","templated":true}]}}