{"id":234,"date":"2022-12-17T15:31:16","date_gmt":"2022-12-17T14:31:16","guid":{"rendered":"http:\/\/massoeren.com\/?page_id=234"},"modified":"2022-12-17T15:32:51","modified_gmt":"2022-12-17T14:32:51","slug":"elementor-234","status":"publish","type":"page","link":"http:\/\/massoeren.com\/?page_id=234","title":{"rendered":"Zoneterapi"},"content":{"rendered":"\t\t<div data-elementor-type=\"wp-page\" data-elementor-id=\"234\" class=\"elementor elementor-234\" data-elementor-post-type=\"page\">\n\t\t\t\t\t\t<section class=\"elementor-section elementor-top-section elementor-element elementor-element-f89f177 elementor-section-boxed elementor-section-height-default elementor-section-height-default\" data-id=\"f89f177\" data-element_type=\"section\">\n\t\t\t\t\t\t<div class=\"elementor-container elementor-column-gap-default\">\n\t\t\t\t\t<div class=\"elementor-column elementor-col-100 elementor-top-column elementor-element elementor-element-c02fbc4\" data-id=\"c02fbc4\" data-element_type=\"column\">\n\t\t\t<div class=\"elementor-widget-wrap elementor-element-populated\">\n\t\t\t\t\t\t<div class=\"elementor-element elementor-element-81d4c38 elementor-widget elementor-widget-heading\" data-id=\"81d4c38\" data-element_type=\"widget\" data-widget_type=\"heading.default\">\n\t\t\t\t<div class=\"elementor-widget-container\">\n\t\t\t<h1 class=\"elementor-heading-title elementor-size-default\">Zoneterapi<\/h1>\t\t<\/div>\n\t\t\t\t<\/div>\n\t\t\t\t\t<\/div>\n\t\t<\/div>\n\t\t\t\t\t<\/div>\n\t\t<\/section>\n\t\t\t\t<section class=\"elementor-section elementor-top-section elementor-element elementor-element-c82da9b elementor-section-boxed elementor-section-height-default elementor-section-height-default\" data-id=\"c82da9b\" data-element_type=\"section\">\n\t\t\t\t\t\t<div class=\"elementor-container elementor-column-gap-default\">\n\t\t\t\t\t<div class=\"elementor-column elementor-col-100 elementor-top-column elementor-element elementor-element-06faceb\" data-id=\"06faceb\" data-element_type=\"column\">\n\t\t\t<div class=\"elementor-widget-wrap elementor-element-populated\">\n\t\t\t\t\t\t<div class=\"elementor-element elementor-element-49c7be7 elementor-widget elementor-widget-text-editor\" data-id=\"49c7be7\" data-element_type=\"widget\" data-widget_type=\"text-editor.default\">\n\t\t\t\t<div class=\"elementor-widget-container\">\n\t\t\t\t\t\t\t<p>Zoneterapi, eller reflexzoneterapi som det ogs\u00e5 kaldes, er ogs\u00e5 en flere tusind \u00e5r gammel behandlingsform som b\u00e5de blev brugt af amerikanerne, egypterne og asiaterne l\u00e6nge f\u00f8r vores tidsregning.<\/p><p>F\u00f8dderne er en afspejling af kroppen og alle dens organer og funktioner.<\/p><p>[billede af f\u00f8dder]<\/p><p>Ved at trykke p\u00e5 kroppens refleks zoner p\u00e5 f\u00f8dderne, kan man stimulere alle kroppens funktioner og skabe balance.<\/p><p>Man starter altid med en grundig opvarmning af fod og ankelled, og en udrensning af de vigtigste organer.<\/p><p>Herefter ser jeg p\u00e5 sygdomshistorik og behov og ligger en arbejdsplan ud fra dine behov. Men jeg gennemg\u00e5r altid ford\u00f8jelses systemet, luftveje, nervesystem, urinveje, hjertekredsl\u00f8b og hormonerne, sanserne og lymfesystemet, og knoglerne i hele skelettet.<\/p><p>S\u00e5 er du stresset eller k\u00e6mper med ford\u00f8jelsen eller lign, s\u00e5 er det en fantastisk beroligende behandling, som alle f\u00e5r noget godt ud af.<\/p><p>\u00a0<\/p><p>Sygeforsikring Danmark giver tilskud til Zoneterapi.<\/p>\t\t\t\t\t\t<\/div>\n\t\t\t\t<\/div>\n\t\t\t\t\t<\/div>\n\t\t<\/div>\n\t\t\t\t\t<\/div>\n\t\t<\/section>\n\t\t\t\t<\/div>\n\t\t","protected":false},"excerpt":{"rendered":"<p>Zoneterapi Zoneterapi, eller reflexzoneterapi som det ogs\u00e5 kaldes, er ogs\u00e5 en flere tusind \u00e5r gammel behandlingsform som b\u00e5de blev brugt af amerikanerne, egypterne og asiaterne l\u00e6nge f\u00f8r vores tidsregning. F\u00f8dderne er en afspejling af kroppen og alle dens organer og funktioner. [billede af f\u00f8dder] Ved at trykke p\u00e5 kroppens refleks zoner p\u00e5 f\u00f8dderne, kan man [&hellip;]<\/p>\n","protected":false},"author":3,"featured_media":0,"parent":0,"menu_order":0,"comment_status":"closed","ping_status":"closed","template":"","meta":{"inline_featured_image":false,"footnotes":""},"class_list":["post-234","page","type-page","status-publish","hentry"],"_links":{"self":[{"href":"http:\/\/massoeren.com\/index.php?rest_route=\/wp\/v2\/pages\/234","targetHints":{"allow":["GET"]}}],"collection":[{"href":"http:\/\/massoeren.com\/index.php?rest_route=\/wp\/v2\/pages"}],"about":[{"href":"http:\/\/massoeren.com\/index.php?rest_route=\/wp\/v2\/types\/page"}],"author":[{"embeddable":true,"href":"http:\/\/massoeren.com\/index.php?rest_route=\/wp\/v2\/users\/3"}],"replies":[{"embeddable":true,"href":"http:\/\/massoeren.com\/index.php?rest_route=%2Fwp%2Fv2%2Fcomments&post=234"}],"version-history":[{"count":5,"href":"http:\/\/massoeren.com\/index.php?rest_route=\/wp\/v2\/pages\/234\/revisions"}],"predecessor-version":[{"id":239,"href":"http:\/\/massoeren.com\/index.php?rest_route=\/wp\/v2\/pages\/234\/revisions\/239"}],"wp:attachment":[{"href":"http:\/\/massoeren.com\/index.php?rest_route=%2Fwp%2Fv2%2Fmedia&parent=234"}],"curies":[{"name":"wp","href":"https:\/\/api.w.org\/{rel}","templated":true}]}}