{"id":314,"date":"2023-08-14T21:21:14","date_gmt":"2023-08-14T19:21:14","guid":{"rendered":"http:\/\/massoeren.com\/?page_id=314"},"modified":"2023-08-14T21:33:01","modified_gmt":"2023-08-14T19:33:01","slug":"elementor-314","status":"publish","type":"page","link":"http:\/\/massoeren.com\/?page_id=314","title":{"rendered":"Laserterapi"},"content":{"rendered":"\t\t<div data-elementor-type=\"wp-page\" data-elementor-id=\"314\" class=\"elementor elementor-314\" data-elementor-post-type=\"page\">\n\t\t\t\t\t\t<section class=\"elementor-section elementor-top-section elementor-element elementor-element-207f4fe elementor-section-boxed elementor-section-height-default elementor-section-height-default\" data-id=\"207f4fe\" data-element_type=\"section\">\n\t\t\t\t\t\t<div class=\"elementor-container elementor-column-gap-default\">\n\t\t\t\t\t<div class=\"elementor-column elementor-col-100 elementor-top-column elementor-element elementor-element-c342670\" data-id=\"c342670\" data-element_type=\"column\">\n\t\t\t<div class=\"elementor-widget-wrap elementor-element-populated\">\n\t\t\t\t\t\t<div class=\"elementor-element elementor-element-228ec4a elementor-widget elementor-widget-heading\" data-id=\"228ec4a\" data-element_type=\"widget\" data-widget_type=\"heading.default\">\n\t\t\t\t<div class=\"elementor-widget-container\">\n\t\t\t<h1 class=\"elementor-heading-title elementor-size-default\">Laserterapi<\/h1>\t\t<\/div>\n\t\t\t\t<\/div>\n\t\t\t\t\t<\/div>\n\t\t<\/div>\n\t\t\t\t\t<\/div>\n\t\t<\/section>\n\t\t\t\t<section class=\"elementor-section elementor-top-section elementor-element elementor-element-898ffe3 elementor-section-boxed elementor-section-height-default elementor-section-height-default\" data-id=\"898ffe3\" data-element_type=\"section\">\n\t\t\t\t\t\t<div class=\"elementor-container elementor-column-gap-default\">\n\t\t\t\t\t<div class=\"elementor-column elementor-col-100 elementor-top-column elementor-element elementor-element-ffa16e9\" data-id=\"ffa16e9\" data-element_type=\"column\">\n\t\t\t<div class=\"elementor-widget-wrap elementor-element-populated\">\n\t\t\t\t\t\t<div class=\"elementor-element elementor-element-e242f35 elementor-widget elementor-widget-text-editor\" data-id=\"e242f35\" data-element_type=\"widget\" data-widget_type=\"text-editor.default\">\n\t\t\t\t<div class=\"elementor-widget-container\">\n\t\t\t\t\t\t\t<p><span lang=\"DA\" style=\"font-size:14.0pt;font-family:&quot;Tahoma&quot;,sans-serif;\nmso-ansi-language:DA\">Laserterapi er koncentreret energi til den naturlige\nheling i kroppen.<o:p><\/o:p><\/span><\/p><p><span lang=\"DA\" style=\"font-size:14.0pt;font-family:&quot;Tahoma&quot;,sans-serif;\nmso-ansi-language:DA\">Laserlyset tr\u00e6nger helt ind i v\u00e6vet og ind i den enkelte\ncelle, og booster derved kroppens naturlige reperationsmekanismer og\nimmunforsvar. <o:p><\/o:p><\/span><\/p><p><span lang=\"DA\" style=\"font-size:14.0pt;font-family:&quot;Tahoma&quot;,sans-serif;\nmso-ansi-language:DA\">Laseren hj\u00e6lper kroppen med at hele sig selv hurtigere<o:p><\/o:p><\/span><\/p><p><span style=\"font-family: Tahoma, sans-serif; font-size: 14pt;\">Alle kan bruge Laserterapi, og det g\u00f8r ikke ondt og har\ningen bivirkninger.<\/span><\/p><p><span lang=\"DA\" style=\"font-size:14.0pt;font-family:&quot;Tahoma&quot;,sans-serif;\nmso-ansi-language:DA\">Elitesportsud\u00f8vere bruger dem ofte, b\u00e5de til forebyggelse\nog heling af skader<o:p><\/o:p><\/span><\/p><p><span lang=\"DA\" style=\"font-size:14.0pt;font-family:&quot;Tahoma&quot;,sans-serif;\nmso-ansi-language:DA\">&nbsp;<\/span><\/p><p>\n\n\n\n\n\n\n\n\n\n\n\n\n\n<\/p><p><span lang=\"DA\" style=\"font-size:14.0pt;font-family:&quot;Tahoma&quot;,sans-serif;\nmso-ansi-language:DA\">Laseren kan afhj\u00e6lpe muskelsp\u00e6ndinger, forstuvninger og\nforstr\u00e6kninger, h\u00e6velser kan fjernes, kl\u00f8e fra insektbid kan lindres, tandpiner\nkan lindres, ligtorne-vorter-blister kan fjernes, s\u00e5r kan heles, eksem og arv\u00e6v\nkan minimeres.<o:p><\/o:p><\/span><\/p><p><font face=\"Tahoma, sans-serif\"><span style=\"font-size: 18.6667px;\">Til denne behandling benyttes en professionel laser fra firmaet PowerMedic.<\/span><\/font><\/p>\t\t\t\t\t\t<\/div>\n\t\t\t\t<\/div>\n\t\t\t\t\t<\/div>\n\t\t<\/div>\n\t\t\t\t\t<\/div>\n\t\t<\/section>\n\t\t\t\t<\/div>\n\t\t","protected":false},"excerpt":{"rendered":"<p>Laserterapi Laserterapi er koncentreret energi til den naturlige heling i kroppen. Laserlyset tr\u00e6nger helt ind i v\u00e6vet og ind i den enkelte celle, og booster derved kroppens naturlige reperationsmekanismer og immunforsvar. Laseren hj\u00e6lper kroppen med at hele sig selv hurtigere Alle kan bruge Laserterapi, og det g\u00f8r ikke ondt og har ingen bivirkninger. Elitesportsud\u00f8vere bruger [&hellip;]<\/p>\n","protected":false},"author":2,"featured_media":0,"parent":0,"menu_order":0,"comment_status":"closed","ping_status":"closed","template":"","meta":{"inline_featured_image":false,"footnotes":""},"class_list":["post-314","page","type-page","status-publish","hentry"],"_links":{"self":[{"href":"http:\/\/massoeren.com\/index.php?rest_route=\/wp\/v2\/pages\/314","targetHints":{"allow":["GET"]}}],"collection":[{"href":"http:\/\/massoeren.com\/index.php?rest_route=\/wp\/v2\/pages"}],"about":[{"href":"http:\/\/massoeren.com\/index.php?rest_route=\/wp\/v2\/types\/page"}],"author":[{"embeddable":true,"href":"http:\/\/massoeren.com\/index.php?rest_route=\/wp\/v2\/users\/2"}],"replies":[{"embeddable":true,"href":"http:\/\/massoeren.com\/index.php?rest_route=%2Fwp%2Fv2%2Fcomments&post=314"}],"version-history":[{"count":10,"href":"http:\/\/massoeren.com\/index.php?rest_route=\/wp\/v2\/pages\/314\/revisions"}],"predecessor-version":[{"id":325,"href":"http:\/\/massoeren.com\/index.php?rest_route=\/wp\/v2\/pages\/314\/revisions\/325"}],"wp:attachment":[{"href":"http:\/\/massoeren.com\/index.php?rest_route=%2Fwp%2Fv2%2Fmedia&parent=314"}],"curies":[{"name":"wp","href":"https:\/\/api.w.org\/{rel}","templated":true}]}}