{"id":51,"date":"2021-05-19T14:54:10","date_gmt":"2021-05-19T12:54:10","guid":{"rendered":"http:\/\/hn.nmdev.dk\/?page_id=51"},"modified":"2022-12-17T15:03:29","modified_gmt":"2022-12-17T14:03:29","slug":"om-mig","status":"publish","type":"page","link":"http:\/\/massoeren.com\/?page_id=51","title":{"rendered":"Om mig"},"content":{"rendered":"\t\t<div data-elementor-type=\"wp-page\" data-elementor-id=\"51\" class=\"elementor elementor-51\" data-elementor-post-type=\"page\">\n\t\t\t\t\t\t<section class=\"elementor-section elementor-top-section elementor-element elementor-element-235c557 elementor-section-boxed elementor-section-height-default elementor-section-height-default\" data-id=\"235c557\" data-element_type=\"section\">\n\t\t\t\t\t\t<div class=\"elementor-container elementor-column-gap-default\">\n\t\t\t\t\t<div class=\"elementor-column elementor-col-100 elementor-top-column elementor-element elementor-element-ce5dbdc\" data-id=\"ce5dbdc\" data-element_type=\"column\">\n\t\t\t<div class=\"elementor-widget-wrap elementor-element-populated\">\n\t\t\t\t\t\t<div class=\"elementor-element elementor-element-616fe98 elementor-widget elementor-widget-heading\" data-id=\"616fe98\" data-element_type=\"widget\" data-widget_type=\"heading.default\">\n\t\t\t\t<div class=\"elementor-widget-container\">\n\t\t\t<h1 class=\"elementor-heading-title elementor-size-default\">Om Henriette G\u00e4tke<\/h1>\t\t<\/div>\n\t\t\t\t<\/div>\n\t\t\t\t\t<\/div>\n\t\t<\/div>\n\t\t\t\t\t<\/div>\n\t\t<\/section>\n\t\t\t\t<section class=\"elementor-section elementor-top-section elementor-element elementor-element-aeb2655 elementor-section-boxed elementor-section-height-default elementor-section-height-default\" data-id=\"aeb2655\" data-element_type=\"section\">\n\t\t\t\t\t\t<div class=\"elementor-container elementor-column-gap-default\">\n\t\t\t\t\t<div class=\"elementor-column elementor-col-100 elementor-top-column elementor-element elementor-element-079039d\" data-id=\"079039d\" data-element_type=\"column\">\n\t\t\t<div class=\"elementor-widget-wrap\">\n\t\t\t\t\t\t\t<\/div>\n\t\t<\/div>\n\t\t\t\t\t<\/div>\n\t\t<\/section>\n\t\t\t\t<section class=\"elementor-section elementor-top-section elementor-element elementor-element-c02ba22 elementor-section-boxed elementor-section-height-default elementor-section-height-default\" data-id=\"c02ba22\" data-element_type=\"section\">\n\t\t\t\t\t\t<div class=\"elementor-container elementor-column-gap-default\">\n\t\t\t\t\t<div class=\"elementor-column elementor-col-100 elementor-top-column elementor-element elementor-element-866f768\" data-id=\"866f768\" data-element_type=\"column\">\n\t\t\t<div class=\"elementor-widget-wrap elementor-element-populated\">\n\t\t\t\t\t\t<div class=\"elementor-element elementor-element-55009f1 elementor-widget elementor-widget-text-editor\" data-id=\"55009f1\" data-element_type=\"widget\" data-widget_type=\"text-editor.default\">\n\t\t\t\t<div class=\"elementor-widget-container\">\n\t\t\t\t\t\t\t<p>Jeg hedder Henriette G\u00e4tke<\/p><p>Jeg blev uddannet Fysiurgisk Mass\u00f8r i 2007, og har elsket det lige siden. For mig er massage en behandling, der skal g\u00f8re dit liv og din hverdag bedre. Jeg arbejder h\u00e5rdt og i dybden, og jeg g\u00f8r mit bedste for at dine sp\u00e6ndinger bliver lindret, s\u00e5 du f\u00e5r den bedste oplevelse<\/p><p>I 2009 tog jeg en fitnessinstrukt\u00f8r uddannelse, for kunne vejlede i tr\u00e6nings\u00f8velser.<\/p><p>Jeg har siden 2008 v\u00e6ret mass\u00f8r i Danmarks Idr\u00e6ts Forbund, og er det stadig, ved siden af min klinik hjemme.<\/p><p>Jeg blev uddannet Akupunkt\u00f8r (TCM) og \u00d8reakupunkt\u00f8r 2020, som er 2 fantastiske behandlingstyper, b\u00e5de hver for sig og i kombination med massagen.<\/p><p>I 2022 blev jeg uddannet Zoneterapeut.<\/p><p>Jeg er blevet s\u00e5 grebet af at l\u00e6re nyt, at jeg ogs\u00e5 har uddannet mig i kosmetisk akupunktur og Japansk face lifting, som kun tilbydes i klinikken.<\/p><p>Voksbehandlingskursus tog jeg i starten af 2020 for at pr\u00f8ve noget helt nyt og anderledes.<\/p><p>\u00a0<\/p><p>Jeg s\u00e6tter en stor \u00e6re i at udf\u00f8re en god behandling og give en god personlig kundeservice, med den tid og ro der er brug for.<\/p>\t\t\t\t\t\t<\/div>\n\t\t\t\t<\/div>\n\t\t\t\t\t<\/div>\n\t\t<\/div>\n\t\t\t\t\t<\/div>\n\t\t<\/section>\n\t\t\t\t<\/div>\n\t\t","protected":false},"excerpt":{"rendered":"<p>Om Henriette G\u00e4tke Jeg hedder Henriette G\u00e4tke Jeg blev uddannet Fysiurgisk Mass\u00f8r i 2007, og har elsket det lige siden. For mig er massage en behandling, der skal g\u00f8re dit liv og din hverdag bedre. Jeg arbejder h\u00e5rdt og i dybden, og jeg g\u00f8r mit bedste for at dine sp\u00e6ndinger bliver lindret, s\u00e5 du f\u00e5r [&hellip;]<\/p>\n","protected":false},"author":1,"featured_media":0,"parent":0,"menu_order":0,"comment_status":"closed","ping_status":"closed","template":"","meta":{"inline_featured_image":false,"footnotes":""},"class_list":["post-51","page","type-page","status-publish","hentry"],"_links":{"self":[{"href":"http:\/\/massoeren.com\/index.php?rest_route=\/wp\/v2\/pages\/51","targetHints":{"allow":["GET"]}}],"collection":[{"href":"http:\/\/massoeren.com\/index.php?rest_route=\/wp\/v2\/pages"}],"about":[{"href":"http:\/\/massoeren.com\/index.php?rest_route=\/wp\/v2\/types\/page"}],"author":[{"embeddable":true,"href":"http:\/\/massoeren.com\/index.php?rest_route=\/wp\/v2\/users\/1"}],"replies":[{"embeddable":true,"href":"http:\/\/massoeren.com\/index.php?rest_route=%2Fwp%2Fv2%2Fcomments&post=51"}],"version-history":[{"count":10,"href":"http:\/\/massoeren.com\/index.php?rest_route=\/wp\/v2\/pages\/51\/revisions"}],"predecessor-version":[{"id":192,"href":"http:\/\/massoeren.com\/index.php?rest_route=\/wp\/v2\/pages\/51\/revisions\/192"}],"wp:attachment":[{"href":"http:\/\/massoeren.com\/index.php?rest_route=%2Fwp%2Fv2%2Fmedia&parent=51"}],"curies":[{"name":"wp","href":"https:\/\/api.w.org\/{rel}","templated":true}]}}