{"id":55,"date":"2021-05-19T14:57:00","date_gmt":"2021-05-19T12:57:00","guid":{"rendered":"http:\/\/hn.nmdev.dk\/?page_id=55"},"modified":"2022-12-17T15:06:36","modified_gmt":"2022-12-17T14:06:36","slug":"fysiurgisk-message","status":"publish","type":"page","link":"http:\/\/massoeren.com\/?page_id=55","title":{"rendered":"Fysiurgisk message"},"content":{"rendered":"\t\t<div data-elementor-type=\"wp-page\" data-elementor-id=\"55\" class=\"elementor elementor-55\" data-elementor-post-type=\"page\">\n\t\t\t\t\t\t<section class=\"elementor-section elementor-top-section elementor-element elementor-element-d847ce8 elementor-section-boxed elementor-section-height-default elementor-section-height-default\" data-id=\"d847ce8\" data-element_type=\"section\">\n\t\t\t\t\t\t<div class=\"elementor-container elementor-column-gap-default\">\n\t\t\t\t\t<div class=\"elementor-column elementor-col-100 elementor-top-column elementor-element elementor-element-4153bbe\" data-id=\"4153bbe\" data-element_type=\"column\">\n\t\t\t<div class=\"elementor-widget-wrap elementor-element-populated\">\n\t\t\t\t\t\t<div class=\"elementor-element elementor-element-139e06e elementor-widget elementor-widget-heading\" data-id=\"139e06e\" data-element_type=\"widget\" data-widget_type=\"heading.default\">\n\t\t\t\t<div class=\"elementor-widget-container\">\n\t\t\t<h1 class=\"elementor-heading-title elementor-size-default\">Fysiurgisk massage<\/h1>\t\t<\/div>\n\t\t\t\t<\/div>\n\t\t\t\t\t<\/div>\n\t\t<\/div>\n\t\t\t\t\t<\/div>\n\t\t<\/section>\n\t\t\t\t<section class=\"elementor-section elementor-top-section elementor-element elementor-element-13c213fc elementor-section-boxed elementor-section-height-default elementor-section-height-default\" data-id=\"13c213fc\" data-element_type=\"section\">\n\t\t\t\t\t\t<div class=\"elementor-container elementor-column-gap-default\">\n\t\t\t\t\t<div class=\"elementor-column elementor-col-100 elementor-top-column elementor-element elementor-element-5bf2395f\" data-id=\"5bf2395f\" data-element_type=\"column\">\n\t\t\t<div class=\"elementor-widget-wrap elementor-element-populated\">\n\t\t\t\t\t\t<div class=\"elementor-element elementor-element-305acd9d elementor-widget elementor-widget-text-editor\" data-id=\"305acd9d\" data-element_type=\"widget\" data-widget_type=\"text-editor.default\">\n\t\t\t\t<div class=\"elementor-widget-container\">\n\t\t\t\t\t\t\t<!-- wp:paragraph -->\n<p>Fysiurgisk massage er en dyb massage der l\u00f8sner sp\u00e6ndinger og stress i kroppen og \u00f8ger blodcirkulationen.<\/p>\n<p>Sp\u00e6ndinger i kroppen kan blandt andet komme fra hovedpiner, hold i nakken og ryggen, sportsskader, gigt eller d\u00e5rlige arbejdsstillinger.<\/p>\n<p>Massage virker lindrende p\u00e5 stress, angst og depression, og \u00f8ger immunforsvaret.<\/p>\n<p>Sportsskader kan lindres og fjernes med massage, da massage er med til at s\u00e6nke inflammation.<\/p>\n<p>Tr\u00e6ner du meget kan din performance \u00f8ges ved smidigere og st\u00e6rkere muskler.<\/p>\n<p>Blodtrykket s\u00e6nkes ved regelm\u00e6ssig massage.<\/p>\n<p>Er du gravid, s\u00e5 har jeg den dejligste pude, som du kan ligge p\u00e5 under behandlingen, med plads til mave og barm.<\/p>\n<p>Jeg masserer med en sportssalve, der best\u00e5r af vaseline, glucerin og parafin. Den er parfumefri og laver ikke m\u00e6rker p\u00e5 t\u00f8jet.<\/p>\n<p>\u00a0<\/p>\n<p>Massage hos mig er en sundhedsydelse, og derfor fritaget for moms.<\/p>\n<!-- \/wp:paragraph -->\t\t\t\t\t\t<\/div>\n\t\t\t\t<\/div>\n\t\t\t\t\t<\/div>\n\t\t<\/div>\n\t\t\t\t\t<\/div>\n\t\t<\/section>\n\t\t\t\t<\/div>\n\t\t","protected":false},"excerpt":{"rendered":"<p>Fysiurgisk massage Fysiurgisk massage er en dyb massage der l\u00f8sner sp\u00e6ndinger og stress i kroppen og \u00f8ger blodcirkulationen. Sp\u00e6ndinger i kroppen kan blandt andet komme fra hovedpiner, hold i nakken og ryggen, sportsskader, gigt eller d\u00e5rlige arbejdsstillinger. Massage virker lindrende p\u00e5 stress, angst og depression, og \u00f8ger immunforsvaret. Sportsskader kan lindres og fjernes med massage, [&hellip;]<\/p>\n","protected":false},"author":1,"featured_media":0,"parent":0,"menu_order":0,"comment_status":"closed","ping_status":"closed","template":"","meta":{"inline_featured_image":false,"footnotes":""},"class_list":["post-55","page","type-page","status-publish","hentry"],"_links":{"self":[{"href":"http:\/\/massoeren.com\/index.php?rest_route=\/wp\/v2\/pages\/55","targetHints":{"allow":["GET"]}}],"collection":[{"href":"http:\/\/massoeren.com\/index.php?rest_route=\/wp\/v2\/pages"}],"about":[{"href":"http:\/\/massoeren.com\/index.php?rest_route=\/wp\/v2\/types\/page"}],"author":[{"embeddable":true,"href":"http:\/\/massoeren.com\/index.php?rest_route=\/wp\/v2\/users\/1"}],"replies":[{"embeddable":true,"href":"http:\/\/massoeren.com\/index.php?rest_route=%2Fwp%2Fv2%2Fcomments&post=55"}],"version-history":[{"count":4,"href":"http:\/\/massoeren.com\/index.php?rest_route=\/wp\/v2\/pages\/55\/revisions"}],"predecessor-version":[{"id":195,"href":"http:\/\/massoeren.com\/index.php?rest_route=\/wp\/v2\/pages\/55\/revisions\/195"}],"wp:attachment":[{"href":"http:\/\/massoeren.com\/index.php?rest_route=%2Fwp%2Fv2%2Fmedia&parent=55"}],"curies":[{"name":"wp","href":"https:\/\/api.w.org\/{rel}","templated":true}]}}