{"id":57,"date":"2021-05-19T14:57:21","date_gmt":"2021-05-19T12:57:21","guid":{"rendered":"http:\/\/hn.nmdev.dk\/?page_id=57"},"modified":"2022-12-17T15:19:35","modified_gmt":"2022-12-17T14:19:35","slug":"akupunktur","status":"publish","type":"page","link":"http:\/\/massoeren.com\/?page_id=57","title":{"rendered":"Akupunktur"},"content":{"rendered":"\t\t<div data-elementor-type=\"wp-page\" data-elementor-id=\"57\" class=\"elementor elementor-57\" data-elementor-post-type=\"page\">\n\t\t\t\t\t\t<section class=\"elementor-section elementor-top-section elementor-element elementor-element-9bc5682 elementor-section-boxed elementor-section-height-default elementor-section-height-default\" data-id=\"9bc5682\" data-element_type=\"section\">\n\t\t\t\t\t\t<div class=\"elementor-container elementor-column-gap-default\">\n\t\t\t\t\t<div class=\"elementor-column elementor-col-100 elementor-top-column elementor-element elementor-element-9bb21d8\" data-id=\"9bb21d8\" data-element_type=\"column\">\n\t\t\t<div class=\"elementor-widget-wrap elementor-element-populated\">\n\t\t\t\t\t\t<div class=\"elementor-element elementor-element-134a958 elementor-widget elementor-widget-heading\" data-id=\"134a958\" data-element_type=\"widget\" data-widget_type=\"heading.default\">\n\t\t\t\t<div class=\"elementor-widget-container\">\n\t\t\t<h1 class=\"elementor-heading-title elementor-size-default\">Akupunktur<\/h1>\t\t<\/div>\n\t\t\t\t<\/div>\n\t\t\t\t\t<\/div>\n\t\t<\/div>\n\t\t\t\t\t<\/div>\n\t\t<\/section>\n\t\t\t\t<section class=\"elementor-section elementor-top-section elementor-element elementor-element-a0f5a34 elementor-section-boxed elementor-section-height-default elementor-section-height-default\" data-id=\"a0f5a34\" data-element_type=\"section\">\n\t\t\t\t\t\t<div class=\"elementor-container elementor-column-gap-default\">\n\t\t\t\t\t<div class=\"elementor-column elementor-col-100 elementor-top-column elementor-element elementor-element-ed425a6\" data-id=\"ed425a6\" data-element_type=\"column\">\n\t\t\t<div class=\"elementor-widget-wrap elementor-element-populated\">\n\t\t\t\t\t\t<div class=\"elementor-element elementor-element-ad2f49d elementor-widget elementor-widget-text-editor\" data-id=\"ad2f49d\" data-element_type=\"widget\" data-widget_type=\"text-editor.default\">\n\t\t\t\t<div class=\"elementor-widget-container\">\n\t\t\t\t\t\t\t<p>Akupunktur er en 5000 \u00e5r gammel kinesisk behandlingsform.<\/p><p>Det er ultra tynde sterile n\u00e5le, der s\u00e6ttes p\u00e5 kroppens meridianbaner.<\/p><p>N\u00e5lene dirigerer energierne i kroppen i de retninger vi har brug for og derigennem kan rette op p\u00e5 de ubalancer der m\u00e5tte v\u00e6re, og f\u00e5r energierne til at flyde mere frit.<\/p><p>Akupunktur kan anvendes til hovedpine, rygsmerter, forstoppelse, diarre, gigtsymptomer, menstruationssmerter, astma, allergi, eksem, kredsl\u00f8bsproblemer, depression og stress, og meget meget mere.<\/p><p>Akupunktur virker fantastisk sammen med massage ved muskul\u00e6re udfordringer, hvor man ved hj\u00e6lp af n\u00e5lene eller akupressur(massagetryk p\u00e5 akupunkturpunkterne) kan lave en endnu dybere behandling.<\/p><p>\u00a0<\/p><p>Sygeforsikring Danmark giver tilskud til Akupunktur.<\/p>\t\t\t\t\t\t<\/div>\n\t\t\t\t<\/div>\n\t\t\t\t\t<\/div>\n\t\t<\/div>\n\t\t\t\t\t<\/div>\n\t\t<\/section>\n\t\t\t\t<\/div>\n\t\t","protected":false},"excerpt":{"rendered":"<p>Akupunktur Akupunktur er en 5000 \u00e5r gammel kinesisk behandlingsform. Det er ultra tynde sterile n\u00e5le, der s\u00e6ttes p\u00e5 kroppens meridianbaner. N\u00e5lene dirigerer energierne i kroppen i de retninger vi har brug for og derigennem kan rette op p\u00e5 de ubalancer der m\u00e5tte v\u00e6re, og f\u00e5r energierne til at flyde mere frit. Akupunktur kan anvendes til [&hellip;]<\/p>\n","protected":false},"author":1,"featured_media":0,"parent":0,"menu_order":0,"comment_status":"closed","ping_status":"closed","template":"","meta":{"inline_featured_image":false,"footnotes":""},"class_list":["post-57","page","type-page","status-publish","hentry"],"_links":{"self":[{"href":"http:\/\/massoeren.com\/index.php?rest_route=\/wp\/v2\/pages\/57","targetHints":{"allow":["GET"]}}],"collection":[{"href":"http:\/\/massoeren.com\/index.php?rest_route=\/wp\/v2\/pages"}],"about":[{"href":"http:\/\/massoeren.com\/index.php?rest_route=\/wp\/v2\/types\/page"}],"author":[{"embeddable":true,"href":"http:\/\/massoeren.com\/index.php?rest_route=\/wp\/v2\/users\/1"}],"replies":[{"embeddable":true,"href":"http:\/\/massoeren.com\/index.php?rest_route=%2Fwp%2Fv2%2Fcomments&post=57"}],"version-history":[{"count":7,"href":"http:\/\/massoeren.com\/index.php?rest_route=\/wp\/v2\/pages\/57\/revisions"}],"predecessor-version":[{"id":219,"href":"http:\/\/massoeren.com\/index.php?rest_route=\/wp\/v2\/pages\/57\/revisions\/219"}],"wp:attachment":[{"href":"http:\/\/massoeren.com\/index.php?rest_route=%2Fwp%2Fv2%2Fmedia&parent=57"}],"curies":[{"name":"wp","href":"https:\/\/api.w.org\/{rel}","templated":true}]}}