{"id":59,"date":"2021-05-19T14:57:55","date_gmt":"2021-05-19T12:57:55","guid":{"rendered":"http:\/\/hn.nmdev.dk\/?page_id=59"},"modified":"2022-12-17T15:14:46","modified_gmt":"2022-12-17T14:14:46","slug":"oereakupunktur","status":"publish","type":"page","link":"http:\/\/massoeren.com\/?page_id=59","title":{"rendered":"\u00d8reakupunktur"},"content":{"rendered":"\t\t<div data-elementor-type=\"wp-page\" data-elementor-id=\"59\" class=\"elementor elementor-59\" data-elementor-post-type=\"page\">\n\t\t\t\t\t\t<section class=\"elementor-section elementor-top-section elementor-element elementor-element-44daa6b elementor-section-boxed elementor-section-height-default elementor-section-height-default\" data-id=\"44daa6b\" data-element_type=\"section\">\n\t\t\t\t\t\t<div class=\"elementor-container elementor-column-gap-default\">\n\t\t\t\t\t<div class=\"elementor-column elementor-col-100 elementor-top-column elementor-element elementor-element-c4576c7\" data-id=\"c4576c7\" data-element_type=\"column\">\n\t\t\t<div class=\"elementor-widget-wrap elementor-element-populated\">\n\t\t\t\t\t\t<div class=\"elementor-element elementor-element-6d4c6d2 elementor-widget elementor-widget-heading\" data-id=\"6d4c6d2\" data-element_type=\"widget\" data-widget_type=\"heading.default\">\n\t\t\t\t<div class=\"elementor-widget-container\">\n\t\t\t<h1 class=\"elementor-heading-title elementor-size-default\">\u00d8reakupunktur<\/h1>\t\t<\/div>\n\t\t\t\t<\/div>\n\t\t\t\t\t<\/div>\n\t\t<\/div>\n\t\t\t\t\t<\/div>\n\t\t<\/section>\n\t\t\t\t<section class=\"elementor-section elementor-top-section elementor-element elementor-element-4f1d42f elementor-section-boxed elementor-section-height-default elementor-section-height-default\" data-id=\"4f1d42f\" data-element_type=\"section\">\n\t\t\t\t\t\t<div class=\"elementor-container elementor-column-gap-default\">\n\t\t\t\t\t<div class=\"elementor-column elementor-col-100 elementor-top-column elementor-element elementor-element-5f00c09\" data-id=\"5f00c09\" data-element_type=\"column\">\n\t\t\t<div class=\"elementor-widget-wrap elementor-element-populated\">\n\t\t\t\t\t\t<div class=\"elementor-element elementor-element-879fae0 elementor-widget elementor-widget-text-editor\" data-id=\"879fae0\" data-element_type=\"widget\" data-widget_type=\"text-editor.default\">\n\t\t\t\t<div class=\"elementor-widget-container\">\n\t\t\t\t\t\t\t<p>\u00d8reakupunktur menes at v\u00e6re en 2500 \u00e5r gammel kinesisk behandlingsform, som blev vestliggjort i 1957 af en fransk l\u00e6ge og godkendt af WHO i 1997.<\/p><p>\u00d8reakupunktur kan bruges som en enest\u00e5ende behandling og som kombination med alm akupunktur eller massage.<\/p><p>\u00d8ret har et \u2019kort\u2019 over alle kroppens funktioner og organer, og kan derfor bruges p\u00e5 samme m\u00e5de som resten af kroppens akupunktur punkter.<\/p><p>\u00d8reakupunktur er virkeligt godt til rygestop, stressbehandling og alt andet fysisk udfordrende.<\/p><p>Kan du ikke li\u2019 n\u00e5le, kan der alternativt s\u00e6ttes magnetplastre i \u00f8ret.<\/p>\t\t\t\t\t\t<\/div>\n\t\t\t\t<\/div>\n\t\t\t\t\t<\/div>\n\t\t<\/div>\n\t\t\t\t\t<\/div>\n\t\t<\/section>\n\t\t\t\t<\/div>\n\t\t","protected":false},"excerpt":{"rendered":"<p>\u00d8reakupunktur \u00d8reakupunktur menes at v\u00e6re en 2500 \u00e5r gammel kinesisk behandlingsform, som blev vestliggjort i 1957 af en fransk l\u00e6ge og godkendt af WHO i 1997. \u00d8reakupunktur kan bruges som en enest\u00e5ende behandling og som kombination med alm akupunktur eller massage. \u00d8ret har et \u2019kort\u2019 over alle kroppens funktioner og organer, og kan derfor bruges [&hellip;]<\/p>\n","protected":false},"author":1,"featured_media":0,"parent":0,"menu_order":0,"comment_status":"closed","ping_status":"closed","template":"","meta":{"inline_featured_image":false,"footnotes":""},"class_list":["post-59","page","type-page","status-publish","hentry"],"_links":{"self":[{"href":"http:\/\/massoeren.com\/index.php?rest_route=\/wp\/v2\/pages\/59","targetHints":{"allow":["GET"]}}],"collection":[{"href":"http:\/\/massoeren.com\/index.php?rest_route=\/wp\/v2\/pages"}],"about":[{"href":"http:\/\/massoeren.com\/index.php?rest_route=\/wp\/v2\/types\/page"}],"author":[{"embeddable":true,"href":"http:\/\/massoeren.com\/index.php?rest_route=\/wp\/v2\/users\/1"}],"replies":[{"embeddable":true,"href":"http:\/\/massoeren.com\/index.php?rest_route=%2Fwp%2Fv2%2Fcomments&post=59"}],"version-history":[{"count":4,"href":"http:\/\/massoeren.com\/index.php?rest_route=\/wp\/v2\/pages\/59\/revisions"}],"predecessor-version":[{"id":207,"href":"http:\/\/massoeren.com\/index.php?rest_route=\/wp\/v2\/pages\/59\/revisions\/207"}],"wp:attachment":[{"href":"http:\/\/massoeren.com\/index.php?rest_route=%2Fwp%2Fv2%2Fmedia&parent=59"}],"curies":[{"name":"wp","href":"https:\/\/api.w.org\/{rel}","templated":true}]}}