{"id":65,"date":"2021-05-19T14:59:36","date_gmt":"2021-05-19T12:59:36","guid":{"rendered":"http:\/\/hn.nmdev.dk\/?page_id=65"},"modified":"2023-08-14T21:37:59","modified_gmt":"2023-08-14T19:37:59","slug":"voksbehandling","status":"publish","type":"page","link":"http:\/\/massoeren.com\/?page_id=65","title":{"rendered":"Voksbehandling"},"content":{"rendered":"\t\t<div data-elementor-type=\"wp-page\" data-elementor-id=\"65\" class=\"elementor elementor-65\" data-elementor-post-type=\"page\">\n\t\t\t\t\t\t<section class=\"elementor-section elementor-top-section elementor-element elementor-element-d82a5f2 elementor-section-boxed elementor-section-height-default elementor-section-height-default\" data-id=\"d82a5f2\" data-element_type=\"section\">\n\t\t\t\t\t\t<div class=\"elementor-container elementor-column-gap-default\">\n\t\t\t\t\t<div class=\"elementor-column elementor-col-100 elementor-top-column elementor-element elementor-element-ca278da\" data-id=\"ca278da\" data-element_type=\"column\">\n\t\t\t<div class=\"elementor-widget-wrap elementor-element-populated\">\n\t\t\t\t\t\t<div class=\"elementor-element elementor-element-02dc40c elementor-widget elementor-widget-heading\" data-id=\"02dc40c\" data-element_type=\"widget\" data-widget_type=\"heading.default\">\n\t\t\t\t<div class=\"elementor-widget-container\">\n\t\t\t<h1 class=\"elementor-heading-title elementor-size-default\">Voksbehandling<\/h1>\t\t<\/div>\n\t\t\t\t<\/div>\n\t\t\t\t\t<\/div>\n\t\t<\/div>\n\t\t\t\t\t<\/div>\n\t\t<\/section>\n\t\t\t\t<section class=\"elementor-section elementor-top-section elementor-element elementor-element-f802826 elementor-section-boxed elementor-section-height-default elementor-section-height-default\" data-id=\"f802826\" data-element_type=\"section\">\n\t\t\t\t\t\t<div class=\"elementor-container elementor-column-gap-default\">\n\t\t\t\t\t<div class=\"elementor-column elementor-col-100 elementor-top-column elementor-element elementor-element-c87eb28\" data-id=\"c87eb28\" data-element_type=\"column\">\n\t\t\t<div class=\"elementor-widget-wrap elementor-element-populated\">\n\t\t\t\t\t\t<div class=\"elementor-element elementor-element-a954afd elementor-widget elementor-widget-text-editor\" data-id=\"a954afd\" data-element_type=\"widget\" data-widget_type=\"text-editor.default\">\n\t\t\t\t<div class=\"elementor-widget-container\">\n\t\t\t\t\t\t\t<p>Voksbehandling er fjernelse af h\u00e5r med flydende varm voks.<\/p><p>Jeg bruger 3 forskellige typer, alt efter hvilken behandling du \u00f8nsker, og efter din hudtype.<\/p><p>Jeg bruger voks fra Perron Rigot, som er noget af det bedste p\u00e5 markedet.<\/p><p>\u00a0<\/p><p>F\u00f8r behandling er det en fordel at du har brugt en scrub til at fjerne de d\u00f8de hudceller omkring h\u00e5rs\u00e6kkene.<\/p><p>Det bedste resultat opn\u00e5s hvis dine h\u00e5r er mellem 0,5-1 cm lang. Er de l\u00e6ngere er der risiko for at de kn\u00e6kker og at det g\u00f8r mere ondt at f\u00e5 hevet i h\u00e5rene. S\u00e5 frem med trimmeren \ud83d\ude42<\/p><p>Jeg starter altid med at desinficere huden og jeg slutter med afrensning og fugtcreme.<\/p><p>Du m\u00e5 helst ikke solbade eller g\u00e5 i sauna 24 timer efter endt behandling, det kan give eksem.<\/p><p>Du m\u00e5 helst ikke bruge deo 5 timer efter armhule voks (bakterier i \u00e5bne porrer).<\/p>\t\t\t\t\t\t<\/div>\n\t\t\t\t<\/div>\n\t\t\t\t\t<\/div>\n\t\t<\/div>\n\t\t\t\t\t<\/div>\n\t\t<\/section>\n\t\t\t\t<section class=\"elementor-section elementor-top-section elementor-element elementor-element-46b6d64 elementor-section-boxed elementor-section-height-default elementor-section-height-default\" data-id=\"46b6d64\" data-element_type=\"section\">\n\t\t\t\t\t\t<div class=\"elementor-container elementor-column-gap-default\">\n\t\t\t\t\t<div class=\"elementor-column elementor-col-100 elementor-top-column elementor-element elementor-element-d93f445\" data-id=\"d93f445\" data-element_type=\"column\">\n\t\t\t<div class=\"elementor-widget-wrap elementor-element-populated\">\n\t\t\t\t\t\t<div class=\"elementor-element elementor-element-dd589de elementor-widget elementor-widget-image\" data-id=\"dd589de\" data-element_type=\"widget\" data-widget_type=\"image.default\">\n\t\t\t\t<div class=\"elementor-widget-container\">\n\t\t\t\t\t\t\t\t\t\t\t\t\t<img fetchpriority=\"high\" decoding=\"async\" width=\"420\" height=\"191\" src=\"http:\/\/massoeren.com\/wp-content\/uploads\/2023\/08\/roller-skates-fiorella_420x191.jpg\" class=\"attachment-large size-large wp-image-326\" alt=\"\" srcset=\"http:\/\/massoeren.com\/wp-content\/uploads\/2023\/08\/roller-skates-fiorella_420x191.jpg 420w, http:\/\/massoeren.com\/wp-content\/uploads\/2023\/08\/roller-skates-fiorella_420x191-300x136.jpg 300w\" sizes=\"(max-width: 420px) 100vw, 420px\" \/>\t\t\t\t\t\t\t\t\t\t\t\t\t<\/div>\n\t\t\t\t<\/div>\n\t\t\t\t\t<\/div>\n\t\t<\/div>\n\t\t\t\t\t<\/div>\n\t\t<\/section>\n\t\t\t\t<\/div>\n\t\t","protected":false},"excerpt":{"rendered":"<p>Voksbehandling Voksbehandling er fjernelse af h\u00e5r med flydende varm voks. Jeg bruger 3 forskellige typer, alt efter hvilken behandling du \u00f8nsker, og efter din hudtype. Jeg bruger voks fra Perron Rigot, som er noget af det bedste p\u00e5 markedet. \u00a0 F\u00f8r behandling er det en fordel at du har brugt en scrub til at fjerne [&hellip;]<\/p>\n","protected":false},"author":1,"featured_media":0,"parent":0,"menu_order":0,"comment_status":"closed","ping_status":"closed","template":"","meta":{"inline_featured_image":false,"footnotes":""},"class_list":["post-65","page","type-page","status-publish","hentry"],"_links":{"self":[{"href":"http:\/\/massoeren.com\/index.php?rest_route=\/wp\/v2\/pages\/65","targetHints":{"allow":["GET"]}}],"collection":[{"href":"http:\/\/massoeren.com\/index.php?rest_route=\/wp\/v2\/pages"}],"about":[{"href":"http:\/\/massoeren.com\/index.php?rest_route=\/wp\/v2\/types\/page"}],"author":[{"embeddable":true,"href":"http:\/\/massoeren.com\/index.php?rest_route=\/wp\/v2\/users\/1"}],"replies":[{"embeddable":true,"href":"http:\/\/massoeren.com\/index.php?rest_route=%2Fwp%2Fv2%2Fcomments&post=65"}],"version-history":[{"count":10,"href":"http:\/\/massoeren.com\/index.php?rest_route=\/wp\/v2\/pages\/65\/revisions"}],"predecessor-version":[{"id":329,"href":"http:\/\/massoeren.com\/index.php?rest_route=\/wp\/v2\/pages\/65\/revisions\/329"}],"wp:attachment":[{"href":"http:\/\/massoeren.com\/index.php?rest_route=%2Fwp%2Fv2%2Fmedia&parent=65"}],"curies":[{"name":"wp","href":"https:\/\/api.w.org\/{rel}","templated":true}]}}